{"id":166,"date":"2015-04-19T13:39:25","date_gmt":"2015-04-19T12:39:25","guid":{"rendered":"http:\/\/ucepf.fr\/?page_id=166"},"modified":"2025-12-06T10:37:26","modified_gmt":"2025-12-06T09:37:26","slug":"nous-contacter","status":"publish","type":"page","link":"https:\/\/ucepf.fr\/?page_id=166","title":{"rendered":"Nous contacter"},"content":{"rendered":"<div id=\"fb-root\"><\/div>\n<table style=\"width: 948px;\">\n<tbody>\n<tr>\n<td style=\"width: 316px;\" width=\"196\"><strong>J\u00e9r\u00f4me RATIEUVILLE<\/strong><\/p>\n<p><strong>(pr\u00e9sident)<\/strong><\/td>\n<td style=\"width: 316px;\" width=\"196\">\n<div id=\"per_adr1\" class=\"field\"><strong>11 domaine des mottes<\/strong><\/div>\n<div id=\"per_adr3\" class=\"field\"><strong><label id=\"per_codepostal\" class=\"field\" style=\"font-family: inherit; font-size: inherit;\">53260<\/label><span style=\"font-family: inherit; font-size: inherit;\">\u00a0\u00a0<\/span><label id=\"per_ville\" class=\"field\" style=\"font-family: inherit; font-size: inherit;\">Forc\u00e9<\/label><\/strong><\/div>\n<\/td>\n<td style=\"width: 316px;\" width=\"196\"><strong>Mobile :\u00a0<span id=\"per_mobile\" class=\"field\">06 16 66 25 77<\/span><\/strong><br \/>\n<strong>Mail :\u00a0<a id=\"email\" href=\"mailto:jeromefree53@gmail.com\"><span id=\"per_email\" class=\"field\">jeromefree53@gmail.com\u00a0<\/span><\/a><\/strong><\/td>\n<\/tr>\n<tr>\n<td style=\"width: 316px;\" width=\"196\"><strong>FOUCHER Michel <\/strong><\/p>\n<p><strong>(r\u00e9f\u00e9rent Parn\u00e9) <\/strong><\/p>\n<p>&nbsp;<\/td>\n<td style=\"width: 316px;\" width=\"196\">La Rocheray<\/p>\n<p>53260 PARNE-SUR-ROC<\/td>\n<td style=\"width: 316px;\" width=\"196\">02.43.98.07.00<\/p>\n<p>06.85.04.28.17<\/p>\n<p>mfoucher53@yahoo.fr<\/td>\n<\/tr>\n<tr>\n<td style=\"width: 316px;\" width=\"196\"><strong>LEPAGE Johann<\/strong><\/p>\n<p><strong><em>(Secr\u00e9taire) <\/em><\/strong><\/td>\n<td style=\"width: 316px;\" width=\"196\">12 rue de la croix<\/p>\n<p>53260 ENTRAMMES<\/td>\n<td style=\"width: 316px;\" width=\"196\">06.86.66.76.27<\/p>\n<p>&nbsp;<\/td>\n<\/tr>\n<tr>\n<td style=\"width: 316px;\" width=\"196\"><strong>BRETONNIERE St\u00e9phane<\/strong><\/p>\n<p><strong>(tr\u00e9sorier) <\/strong><\/td>\n<td style=\"width: 316px;\" width=\"196\">8 rue de Rosendhal<\/p>\n<p>53260 ENTRAMMES<\/td>\n<td style=\"width: 316px;\" width=\"196\">07.82.40.07.04<\/p>\n<p>tiphainestephane@orange.fr<\/td>\n<\/tr>\n<tr>\n<td style=\"width: 316px;\" width=\"196\"><strong>RADE Philippe<\/strong><\/p>\n<p><strong>(tr\u00e9sorier adjoint)<\/strong><\/td>\n<td style=\"width: 316px;\" width=\"196\">31 domaine des Mottes<\/p>\n<p>53260 Forc\u00e9<\/td>\n<td style=\"width: 316px;\" width=\"196\">06.77.84.14.40<\/td>\n<\/tr>\n<\/tbody>\n<\/table>\n<p>&nbsp;<\/p>\n<p>Pour tout autre renseignement\u00a0:<br \/>\n<a href=\"mailto:ucepf53@gmail.com\">mail<\/a><\/p>\n","protected":false},"excerpt":{"rendered":"<p>J\u00e9r\u00f4me RATIEUVILLE (pr\u00e9sident) 11 domaine des mottes 53260\u00a0\u00a0Forc\u00e9 Mobile :\u00a006 16 66 25 77 Mail :\u00a0jeromefree53@gmail.com\u00a0 FOUCHER Michel (r\u00e9f\u00e9rent Parn\u00e9) &nbsp; La Rocheray 53260 PARNE-SUR-ROC 02.43.98.07.00 06.85.04.28.17 mfoucher53@yahoo.fr LEPAGE Johann [&hellip;]<\/p>\n","protected":false},"author":1,"featured_media":0,"parent":0,"menu_order":0,"comment_status":"closed","ping_status":"closed","template":"","meta":{"_acf_changed":false,"jetpack_post_was_ever_published":false,"footnotes":""},"class_list":["post-166","page","type-page","status-publish","czr-hentry"],"acf":[],"jetpack_sharing_enabled":true,"jetpack_shortlink":"https:\/\/wp.me\/P9F3ze-2G","jetpack_likes_enabled":true,"jetpack-related-posts":[],"_links":{"self":[{"href":"https:\/\/ucepf.fr\/index.php?rest_route=\/wp\/v2\/pages\/166","targetHints":{"allow":["GET"]}}],"collection":[{"href":"https:\/\/ucepf.fr\/index.php?rest_route=\/wp\/v2\/pages"}],"about":[{"href":"https:\/\/ucepf.fr\/index.php?rest_route=\/wp\/v2\/types\/page"}],"author":[{"embeddable":true,"href":"https:\/\/ucepf.fr\/index.php?rest_route=\/wp\/v2\/users\/1"}],"replies":[{"embeddable":true,"href":"https:\/\/ucepf.fr\/index.php?rest_route=%2Fwp%2Fv2%2Fcomments&post=166"}],"version-history":[{"count":7,"href":"https:\/\/ucepf.fr\/index.php?rest_route=\/wp\/v2\/pages\/166\/revisions"}],"predecessor-version":[{"id":1273,"href":"https:\/\/ucepf.fr\/index.php?rest_route=\/wp\/v2\/pages\/166\/revisions\/1273"}],"wp:attachment":[{"href":"https:\/\/ucepf.fr\/index.php?rest_route=%2Fwp%2Fv2%2Fmedia&parent=166"}],"curies":[{"name":"wp","href":"https:\/\/api.w.org\/{rel}","templated":true}]}}