{"id":18,"date":"2015-04-14T16:18:37","date_gmt":"2015-04-14T15:18:37","guid":{"rendered":"http:\/\/ucepf.fr\/?page_id=18"},"modified":"2015-04-15T10:46:49","modified_gmt":"2015-04-15T09:46:49","slug":"presentation-du-club","status":"publish","type":"page","link":"https:\/\/ucepf.fr\/?page_id=18","title":{"rendered":"Histoire du club"},"content":{"rendered":"<div id=\"fb-root\"><\/div>\n<p>Le 23 septembre 1983, est n\u00e9 le \u00ab\u00a0V\u00e9lo Club Entrammais\u00a0\u00bb (VCE), \u00e0 Entrammes (53).<\/p>\n<div>Son Pr\u00e9sident fondateur est G\u00e9rard Gerboin. Il dirigeait un Bureau compos\u00e9 de 13 membres. En voici sa composition :<\/div>\n<div><\/div>\n<p>Pr\u00e9sident : G\u00e9rard GERBOIN<\/p>\n<p>Vice-Pr\u00e9sident : Pierrot DALIBARD<\/p>\n<p>Secr\u00e9taire : Claude LAMBERT<\/p>\n<p>Tr\u00e9sorier : Jean-Pierre HOUDAYER<\/p>\n<p>Les Membres : Gaston AUDY, G\u00e9rard BESNIER, Michel BOURDAIS, Christian CORLAY, Henri DAILLER, Michel GUILLET, Georges HOCDE, Guy LOYANT, Jean-Paul PLANCHAIS.<\/p>\n<div>\u00a0Soient 11 Entrammais et 2 Parn\u00e9ens.<\/div>\n<div><\/div>\n<p>Le Club a \u00e9t\u00e9 d\u00e9clar\u00e9 \u00e0 la Pr\u00e9fecture de la Mayenne le 21 novembre 1983, sous le num\u00e9ro 2790.<\/p>\n<div>Pour sa premi\u00e8re ann\u00e9e, le VCE comptait 32 licenci\u00e9s dans ses rangs.<\/div>\n<div><\/div>\n<p>La premi\u00e8re manifestation du Club fut une Galette des Rois avec Sauterie, le 21 janvier 1984. Elle a rassembl\u00e9 320 personnes, soit 10 fois le nombre de licenci\u00e9s&#8230; Extraordinaire !<\/p>\n<div>La fusion, ou plut\u00f4t le rapprochement avec ses deux Communes voisines, Parn\u00e9-sur-Roc et Forc\u00e9, s&rsquo;est faite au cours de la saison 1995. Le VCE a donc chang\u00e9 de nom pour devenir l'\u00a0\u00bbUnion Cycliste Entrammes-Parn\u00e9-Forc\u00e9\u00a0\u00bb (UCEPF).<\/div>\n<div><\/div>\n<p>En 2012, l&rsquo;association est form\u00e9e de 70 adh\u00e9rents, dont 15 coureurs.<\/p>\n<p>Les disciplines pratiqu\u00e9es au sein de l&rsquo;UCEPF sont le cyclisme sur route, cyclos et comp\u00e9titeurs, et tout r\u00e9cemment le V\u00e9lo Tout Terrain (VTT). Certains comp\u00e9titeurs pratiquent \u00e9galement la piste et le cyclo-cross.<\/p>\n<p>Au niveau des organisations, l&rsquo;Union Cycliste n&rsquo;est pas en reste :<\/p>\n<p>&#8211; courses cyclistes sur route et cyclo-cross ;<\/p>\n<p>&#8211; Randonn\u00e9es ;<\/p>\n<p>&#8211; P\u00e9riples avec des destinations diverses, telles le Maroc, l&rsquo;Espagne, Le Tour des Pays de la Loire, et prochainement 950 kms pour escalader le Mont-Ventoux (Dr\u00f4me)&#8230;<\/p>\n<p>&#8211; Participation au Comit\u00e9 de Jumelage d&rsquo;Entrammes, Parn\u00e9-sur-Roc, et Forc\u00e9, avec Rosendalh, commune allemande distante de 900 kilom\u00e8tres ;<\/p>\n<p>&#8211; Sa soir\u00e9e Choucroute, le 1er samedi d&rsquo;octobre.<\/p>\n<p>Pour la petite histoire, 3 p\u00e9riples vers Rosendahl ont \u00e9t\u00e9 organis\u00e9s (1992, 2000, 2008). Seuls 2 cyclos ont ralli\u00e9s nos amis allemands les trois ann\u00e9es : G\u00e9rard Gerboin et Guy Loyant.<\/p>\n<p>Au niveau de la comp\u00e9tition, quelques titres de Champion de la Mayenne sont \u00e0 l&rsquo;actif \u00e0 la fois du VCE et de l&rsquo;UCEPF. Jean-Paul Planchais et Laurent Houdayer chez les seniors, Nicolas Mignot chez les minimes et Jules Roueil chez les cadets.<\/p>\n<p>2011 est une ann\u00e9e importante pour l&rsquo;Union Cycliste Entrammes-Parn\u00e9-Forc\u00e9, puisque son Pr\u00e9sident-fondateur, G\u00e9rard GERBOIN met un terme \u00e0 25 ann\u00e9es de Pr\u00e9sidence, et a pass\u00e9 la main \u00e0 Nicolas MIGNOT, le 4 novembre 2011.<\/p>\n","protected":false},"excerpt":{"rendered":"<p>Le 23 septembre 1983, est n\u00e9 le \u00ab\u00a0V\u00e9lo Club Entrammais\u00a0\u00bb (VCE), \u00e0 Entrammes (53). Son Pr\u00e9sident fondateur est G\u00e9rard Gerboin. Il dirigeait un Bureau compos\u00e9 de 13 membres. En voici [&hellip;]<\/p>\n","protected":false},"author":1,"featured_media":0,"parent":0,"menu_order":0,"comment_status":"open","ping_status":"open","template":"","meta":{"_acf_changed":false,"jetpack_post_was_ever_published":false,"footnotes":""},"class_list":["post-18","page","type-page","status-publish","czr-hentry"],"acf":[],"jetpack_sharing_enabled":true,"jetpack_shortlink":"https:\/\/wp.me\/P9F3ze-i","jetpack_likes_enabled":true,"jetpack-related-posts":[],"_links":{"self":[{"href":"https:\/\/ucepf.fr\/index.php?rest_route=\/wp\/v2\/pages\/18","targetHints":{"allow":["GET"]}}],"collection":[{"href":"https:\/\/ucepf.fr\/index.php?rest_route=\/wp\/v2\/pages"}],"about":[{"href":"https:\/\/ucepf.fr\/index.php?rest_route=\/wp\/v2\/types\/page"}],"author":[{"embeddable":true,"href":"https:\/\/ucepf.fr\/index.php?rest_route=\/wp\/v2\/users\/1"}],"replies":[{"embeddable":true,"href":"https:\/\/ucepf.fr\/index.php?rest_route=%2Fwp%2Fv2%2Fcomments&post=18"}],"version-history":[{"count":4,"href":"https:\/\/ucepf.fr\/index.php?rest_route=\/wp\/v2\/pages\/18\/revisions"}],"predecessor-version":[{"id":90,"href":"https:\/\/ucepf.fr\/index.php?rest_route=\/wp\/v2\/pages\/18\/revisions\/90"}],"wp:attachment":[{"href":"https:\/\/ucepf.fr\/index.php?rest_route=%2Fwp%2Fv2%2Fmedia&parent=18"}],"curies":[{"name":"wp","href":"https:\/\/api.w.org\/{rel}","templated":true}]}}