{"id":528,"date":"2016-11-24T20:22:51","date_gmt":"2016-11-24T19:22:51","guid":{"rendered":"http:\/\/ucepf.fr\/?page_id=528"},"modified":"2024-04-17T10:14:25","modified_gmt":"2024-04-17T08:14:25","slug":"bureau","status":"publish","type":"page","link":"https:\/\/ucepf.fr\/?page_id=528","title":{"rendered":"Bureau"},"content":{"rendered":"<div id=\"fb-root\"><\/div>\n<p><strong>Election du bureau 2022<\/strong><\/p>\n<p>Pr\u00e9sident : J\u00e9rome RATIEUVILLE<\/p>\n<p>Tr\u00e9sorier : St\u00e9phane BRETONNI\u00c8RE<br \/>\nTr\u00e9sorier adjoint : Philippe RADE<br \/>\nSecr\u00e9taire : Philippe HODBERT<\/p>\n<p>Responsables section coureur : William MONTAIS &#8211; Philippe BIDAULT<\/p>\n<p>D\u00e9l\u00e9gu\u00e9 S\u00e9curit\u00e9 : Philippe RADE<\/p>\n<p>R\u00e9f\u00e9rent Entrammes : St\u00e9phane BRETONNI\u00c8RE<br \/>\nR\u00e9f\u00e9rent Forc\u00e9 : J\u00e9rome RATIEUVILLE<br \/>\nR\u00e9f\u00e9rent Parn\u00e9 \/ Roc : Michel FOUCHER<br \/>\nMembre : Eric HILBERT<\/p>\n<p>&nbsp;<\/p>\n<p>&nbsp;<\/p>\n<p>&nbsp;<\/p>\n","protected":false},"excerpt":{"rendered":"<p>Election du bureau 2022 Pr\u00e9sident : J\u00e9rome RATIEUVILLE Tr\u00e9sorier : St\u00e9phane BRETONNI\u00c8RE Tr\u00e9sorier adjoint : Philippe RADE Secr\u00e9taire : Philippe HODBERT Responsables section coureur : William MONTAIS &#8211; Philippe BIDAULT [&hellip;]<\/p>\n","protected":false},"author":6,"featured_media":0,"parent":87,"menu_order":0,"comment_status":"closed","ping_status":"closed","template":"","meta":{"_acf_changed":false,"jetpack_post_was_ever_published":false,"footnotes":""},"class_list":["post-528","page","type-page","status-publish","czr-hentry"],"acf":[],"jetpack_sharing_enabled":true,"jetpack_shortlink":"https:\/\/wp.me\/P9F3ze-8w","jetpack_likes_enabled":true,"jetpack-related-posts":[],"_links":{"self":[{"href":"https:\/\/ucepf.fr\/index.php?rest_route=\/wp\/v2\/pages\/528","targetHints":{"allow":["GET"]}}],"collection":[{"href":"https:\/\/ucepf.fr\/index.php?rest_route=\/wp\/v2\/pages"}],"about":[{"href":"https:\/\/ucepf.fr\/index.php?rest_route=\/wp\/v2\/types\/page"}],"author":[{"embeddable":true,"href":"https:\/\/ucepf.fr\/index.php?rest_route=\/wp\/v2\/users\/6"}],"replies":[{"embeddable":true,"href":"https:\/\/ucepf.fr\/index.php?rest_route=%2Fwp%2Fv2%2Fcomments&post=528"}],"version-history":[{"count":13,"href":"https:\/\/ucepf.fr\/index.php?rest_route=\/wp\/v2\/pages\/528\/revisions"}],"predecessor-version":[{"id":1080,"href":"https:\/\/ucepf.fr\/index.php?rest_route=\/wp\/v2\/pages\/528\/revisions\/1080"}],"up":[{"embeddable":true,"href":"https:\/\/ucepf.fr\/index.php?rest_route=\/wp\/v2\/pages\/87"}],"wp:attachment":[{"href":"https:\/\/ucepf.fr\/index.php?rest_route=%2Fwp%2Fv2%2Fmedia&parent=528"}],"curies":[{"name":"wp","href":"https:\/\/api.w.org\/{rel}","templated":true}]}}