{"id":57,"date":"2015-04-15T10:20:20","date_gmt":"2015-04-15T09:20:20","guid":{"rendered":"http:\/\/ucepf.fr\/?page_id=57"},"modified":"2019-12-30T11:30:20","modified_gmt":"2019-12-30T10:30:20","slug":"cyclo","status":"publish","type":"page","link":"https:\/\/ucepf.fr\/?page_id=57","title":{"rendered":"Cyclo"},"content":{"rendered":"<div id=\"fb-root\"><\/div>\n<p>Le club comprend une quarantaine de cyclos qui sortent tous les dimanches matin et jours f\u00e9ri\u00e9s de d\u00e9but mars \u00e0 fin septembre.0<\/p>\n<p>Deux groupes se forment, chacun choisit son groupe en fonction de ses capacit\u00e9s et parfois de la forme du moment. Les circuits vont de 50 \u00e0 95 Kms pour le Ier groupe et de 40 \u00e0 65 kms pour le second Le Samedi apr\u00e8s-midi un troisi\u00e8me groupe fait \u00e9galement une sortie, il concerne les cyclos qui souhaitent faire deux sorties le week-end ou ceux qui ne sont pas disponibles le dimanche.<\/p>\n<p>&nbsp;<\/p>\n<p>Pendant la p\u00e9riode d\u2019hiver bon nombre de cyclos se retrouvent \u00e9galement le samedi apr\u00e8s-midi ou le dimanche matin, certains rejoignent les v\u00e9t\u00e9tistes.<\/p>\n<p>&nbsp;<\/p>\n<p style=\"text-align: center;\"><a href=\"https:\/\/i0.wp.com\/ucepf.fr\/wp-content\/uploads\/2019\/12\/Union-cycliste-EPF_004-scaled.jpg\"><img data-recalc-dims=\"1\" loading=\"lazy\" decoding=\"async\" data-attachment-id=\"992\" data-permalink=\"https:\/\/ucepf.fr\/?attachment_id=992\" data-orig-file=\"https:\/\/i0.wp.com\/ucepf.fr\/wp-content\/uploads\/2019\/12\/Union-cycliste-EPF_004-scaled.jpg?fit=2560%2C1707&amp;ssl=1\" data-orig-size=\"2560,1707\" data-comments-opened=\"0\" data-image-meta=\"{&quot;aperture&quot;:&quot;8&quot;,&quot;credit&quot;:&quot;&quot;,&quot;camera&quot;:&quot;Canon EOS 5D Mark IV&quot;,&quot;caption&quot;:&quot;&quot;,&quot;created_timestamp&quot;:&quot;1556382123&quot;,&quot;copyright&quot;:&quot;&quot;,&quot;focal_length&quot;:&quot;63&quot;,&quot;iso&quot;:&quot;200&quot;,&quot;shutter_speed&quot;:&quot;0.005&quot;,&quot;title&quot;:&quot;&quot;,&quot;orientation&quot;:&quot;0&quot;}\" data-image-title=\"Union cycliste EPF_004\" data-image-description=\"\" data-image-caption=\"\" data-medium-file=\"https:\/\/i0.wp.com\/ucepf.fr\/wp-content\/uploads\/2019\/12\/Union-cycliste-EPF_004-scaled.jpg?fit=300%2C200&amp;ssl=1\" data-large-file=\"https:\/\/i0.wp.com\/ucepf.fr\/wp-content\/uploads\/2019\/12\/Union-cycliste-EPF_004-scaled.jpg?fit=1024%2C683&amp;ssl=1\" class=\"alignnone size-medium wp-image-992\" src=\"https:\/\/i0.wp.com\/ucepf.fr\/wp-content\/uploads\/2019\/12\/Union-cycliste-EPF_004.jpg?resize=300%2C200\" alt=\"\" width=\"300\" height=\"200\" srcset=\"https:\/\/i0.wp.com\/ucepf.fr\/wp-content\/uploads\/2019\/12\/Union-cycliste-EPF_004-scaled.jpg?resize=300%2C200&amp;ssl=1 300w, https:\/\/i0.wp.com\/ucepf.fr\/wp-content\/uploads\/2019\/12\/Union-cycliste-EPF_004-scaled.jpg?resize=1024%2C683&amp;ssl=1 1024w, https:\/\/i0.wp.com\/ucepf.fr\/wp-content\/uploads\/2019\/12\/Union-cycliste-EPF_004-scaled.jpg?resize=768%2C512&amp;ssl=1 768w, https:\/\/i0.wp.com\/ucepf.fr\/wp-content\/uploads\/2019\/12\/Union-cycliste-EPF_004-scaled.jpg?resize=1536%2C1024&amp;ssl=1 1536w, https:\/\/i0.wp.com\/ucepf.fr\/wp-content\/uploads\/2019\/12\/Union-cycliste-EPF_004-scaled.jpg?resize=2048%2C1366&amp;ssl=1 2048w, https:\/\/i0.wp.com\/ucepf.fr\/wp-content\/uploads\/2019\/12\/Union-cycliste-EPF_004-scaled.jpg?resize=272%2C182&amp;ssl=1 272w, https:\/\/i0.wp.com\/ucepf.fr\/wp-content\/uploads\/2019\/12\/Union-cycliste-EPF_004-scaled.jpg?w=2340 2340w\" sizes=\"auto, (max-width: 300px) 100vw, 300px\" \/><\/a><\/p>\n<p style=\"text-align: center;\">\n","protected":false},"excerpt":{"rendered":"<p>Le club comprend une quarantaine de cyclos qui sortent tous les dimanches matin et jours f\u00e9ri\u00e9s de d\u00e9but mars \u00e0 fin septembre.0 Deux groupes se forment, chacun choisit son groupe [&hellip;]<\/p>\n","protected":false},"author":1,"featured_media":0,"parent":0,"menu_order":0,"comment_status":"closed","ping_status":"closed","template":"","meta":{"_acf_changed":false,"jetpack_post_was_ever_published":false,"footnotes":""},"class_list":["post-57","page","type-page","status-publish","czr-hentry"],"acf":[],"jetpack_sharing_enabled":true,"jetpack_shortlink":"https:\/\/wp.me\/P9F3ze-V","jetpack_likes_enabled":true,"jetpack-related-posts":[],"_links":{"self":[{"href":"https:\/\/ucepf.fr\/index.php?rest_route=\/wp\/v2\/pages\/57","targetHints":{"allow":["GET"]}}],"collection":[{"href":"https:\/\/ucepf.fr\/index.php?rest_route=\/wp\/v2\/pages"}],"about":[{"href":"https:\/\/ucepf.fr\/index.php?rest_route=\/wp\/v2\/types\/page"}],"author":[{"embeddable":true,"href":"https:\/\/ucepf.fr\/index.php?rest_route=\/wp\/v2\/users\/1"}],"replies":[{"embeddable":true,"href":"https:\/\/ucepf.fr\/index.php?rest_route=%2Fwp%2Fv2%2Fcomments&post=57"}],"version-history":[{"count":7,"href":"https:\/\/ucepf.fr\/index.php?rest_route=\/wp\/v2\/pages\/57\/revisions"}],"predecessor-version":[{"id":1003,"href":"https:\/\/ucepf.fr\/index.php?rest_route=\/wp\/v2\/pages\/57\/revisions\/1003"}],"wp:attachment":[{"href":"https:\/\/ucepf.fr\/index.php?rest_route=%2Fwp%2Fv2%2Fmedia&parent=57"}],"curies":[{"name":"wp","href":"https:\/\/api.w.org\/{rel}","templated":true}]}}